{"id":1681,"date":"2017-05-17T00:07:37","date_gmt":"2017-05-16T23:07:37","guid":{"rendered":"http:\/\/albcycling.al\/?page_id=1681"},"modified":"2017-05-19T10:17:21","modified_gmt":"2017-05-19T09:17:21","slug":"turi-i-74-i-shqiperise","status":"publish","type":"page","link":"https:\/\/albcycling.al\/?page_id=1681","title":{"rendered":"Turi i 74 i Shqip\u00ebris\u00eb"},"content":{"rendered":"<div class=\"fusion-fullwidth fullwidth-box fusion-builder-row-1 nonhundred-percent-fullwidth non-hundred-percent-height-scrolling\" style=\"--awb-border-radius-top-left:0px;--awb-border-radius-top-right:0px;--awb-border-radius-bottom-right:0px;--awb-border-radius-bottom-left:0px;\" ><div class=\"fusion-builder-row fusion-row\"><div class=\"fusion-layout-column fusion_builder_column fusion-builder-column-0 fusion_builder_column_3_4 3_4 fusion-three-fourth fusion-column-first\" style=\"--awb-bg-size:cover;width:75%;width:calc(75% - ( ( 4% ) * 0.75 ) );margin-right: 4%;\"><div class=\"fusion-column-wrapper fusion-flex-column-wrapper-legacy\"><div class=\"fusion-column-content-centered\"><div class=\"fusion-column-content\"><div class=\"fusion-tabs fusion-tabs-1 classic nav-is-justified tabsat horizontal-tabs icon-position-left mobile-mode-accordion\" style=\"--awb-title-border-radius-top-left:0px;--awb-title-border-radius-top-right:0px;--awb-title-border-radius-bottom-right:0px;--awb-title-border-radius-bottom-left:0px;--awb-inactive-color:#ffffff;--awb-background-color:#f4f4f4;--awb-border-color:#f4f4f4;--awb-active-border-color:#e10707;\"><div class=\"nav\"><ul class=\"nav-tabs nav-justified\" role=\"tablist\"><li class=\"active\" role=\"presentation\"><a class=\"tab-link\" data-toggle=\"tab\" role=\"tab\" aria-controls=\"tab-c5f43b93cf792d49193\" aria-selected=\"true\" id=\"fusion-tab-faza1:tiran\u00eb\u2013kor\u00e7\u00eb\" href=\"#tab-c5f43b93cf792d49193\"><h4 class=\"fusion-tab-heading\">Faza 1: Tiran\u00eb\u2013Kor\u00e7\u00eb<\/h4><\/a><\/li><li role=\"presentation\"><a class=\"tab-link\" data-toggle=\"tab\" role=\"tab\" aria-controls=\"tab-54db46c9087327783d4\" aria-selected=\"false\" tabindex=\"-1\" id=\"fusion-tab-faza2:kor\u00e7\u00eb-elbasan\" href=\"#tab-54db46c9087327783d4\"><h4 class=\"fusion-tab-heading\">Faza 2: Kor\u00e7\u00eb-Elbasan<\/h4><\/a><\/li><li role=\"presentation\"><a class=\"tab-link\" data-toggle=\"tab\" role=\"tab\" aria-controls=\"tab-cd3ac84a8ced7b208c2\" aria-selected=\"false\" tabindex=\"-1\" id=\"fusion-tab-faza3:elbasan-vlor\u00eb\" href=\"#tab-cd3ac84a8ced7b208c2\"><h4 class=\"fusion-tab-heading\">Faza 3: Elbasan-Vlor\u00eb<\/h4><\/a><\/li><li role=\"presentation\"><a class=\"tab-link\" data-toggle=\"tab\" role=\"tab\" aria-controls=\"tab-13b66a2223076ed8630\" aria-selected=\"false\" tabindex=\"-1\" id=\"fusion-tab-faza4:vlor\u00eb-sarand\u00eb\" href=\"#tab-13b66a2223076ed8630\"><h4 class=\"fusion-tab-heading\">Faza 4: Vlor\u00eb-Sarand\u00eb<\/h4><\/a><\/li><li role=\"presentation\"><a class=\"tab-link\" data-toggle=\"tab\" role=\"tab\" aria-controls=\"tab-83c9b80425d4578a964\" aria-selected=\"false\" tabindex=\"-1\" id=\"fusion-tab-faza5:sarand\u00eb-fier\" href=\"#tab-83c9b80425d4578a964\"><h4 class=\"fusion-tab-heading\">Faza 5: Sarand\u00eb-Fier<\/h4><\/a><\/li><\/ul><\/div><div class=\"tab-content\"><div class=\"nav fusion-mobile-tab-nav\"><ul class=\"nav-tabs nav-justified\" role=\"tablist\"><li class=\"active\" role=\"presentation\"><a class=\"tab-link\" data-toggle=\"tab\" role=\"tab\" aria-controls=\"tab-c5f43b93cf792d49193\" aria-selected=\"true\" id=\"mobile-fusion-tab-faza1:tiran\u00eb\u2013kor\u00e7\u00eb\" href=\"#tab-c5f43b93cf792d49193\"><h4 class=\"fusion-tab-heading\">Faza 1: Tiran\u00eb\u2013Kor\u00e7\u00eb<\/h4><\/a><\/li><\/ul><\/div><div class=\"tab-pane fade fusion-clearfix in active\" role=\"tabpanel\" tabindex=\"0\" aria-labelledby=\"fusion-tab-faza1:tiran\u00eb\u2013kor\u00e7\u00eb\" id=\"tab-c5f43b93cf792d49193\">\n<p style=\"text-align: center;\"><iframe src=\"https:\/\/www.plotaroute.com\/embedmap\/355421\" name=\"plotaroute_map_355421\" scrolling=\"no\" allowfullscreen=\"allowfullscreen\" width=\"640\" height=\"425\" frameborder=\"0\"><\/iframe><\/p>\n<p style=\"text-align: center;\"><a href=\"https:\/\/albcycling.al\/wp-content\/uploads\/2017\/05\/1_Stage-Tirane-Korce-.1.pdf\" class=\"pdfemb-viewer\" style=\"\" data-width=\"max\" data-height=\"max\"  data-toolbar=\"bottom\" data-toolbar-fixed=\"off\">1_Stage Tirane - Korce .1<br\/><\/a> <a href=\"https:\/\/albcycling.al\/wp-content\/uploads\/2017\/05\/1_Stage-Tirane-Korce-.2.pdf\" class=\"pdfemb-viewer\" style=\"\" data-width=\"max\" data-height=\"max\"  data-toolbar=\"bottom\" data-toolbar-fixed=\"off\">1_Stage Tirane - Korce .2<br\/><\/a> <a href=\"https:\/\/albcycling.al\/wp-content\/uploads\/2017\/05\/1_Stage-Tirane-Korce-.3.pdf\" class=\"pdfemb-viewer\" style=\"\" data-width=\"max\" data-height=\"max\"  data-toolbar=\"bottom\" data-toolbar-fixed=\"off\">1_Stage Tirane - Korce .3<br\/><\/a><\/div><div class=\"nav fusion-mobile-tab-nav\"><ul class=\"nav-tabs nav-justified\" role=\"tablist\"><li role=\"presentation\"><a class=\"tab-link\" data-toggle=\"tab\" role=\"tab\" aria-controls=\"tab-54db46c9087327783d4\" aria-selected=\"false\" tabindex=\"-1\" id=\"mobile-fusion-tab-faza2:kor\u00e7\u00eb-elbasan\" href=\"#tab-54db46c9087327783d4\"><h4 class=\"fusion-tab-heading\">Faza 2: Kor\u00e7\u00eb-Elbasan<\/h4><\/a><\/li><\/ul><\/div><div class=\"tab-pane fade fusion-clearfix\" role=\"tabpanel\" tabindex=\"0\" aria-labelledby=\"fusion-tab-faza2:kor\u00e7\u00eb-elbasan\" id=\"tab-54db46c9087327783d4\">\n<p style=\"text-align: center;\"><iframe src=\"https:\/\/www.plotaroute.com\/embedmap\/356430\" name=\"plotaroute_map_356430\" scrolling=\"no\" allowfullscreen=\"allowfullscreen\" width=\"640\" height=\"425\" frameborder=\"0\"><\/iframe><\/p>\n<p style=\"text-align: center;\"><a href=\"https:\/\/albcycling.al\/wp-content\/uploads\/2017\/05\/2_Stage-Korce-Elbasan-.1.pdf\" class=\"pdfemb-viewer\" style=\"\" data-width=\"max\" data-height=\"max\"  data-toolbar=\"bottom\" data-toolbar-fixed=\"off\">2_Stage Korce - Elbasan .1<br\/><\/a> <a href=\"https:\/\/albcycling.al\/wp-content\/uploads\/2017\/05\/1_Stage-Tirane-Korce-.2.pdf\" class=\"pdfemb-viewer\" style=\"\" data-width=\"max\" data-height=\"max\"  data-toolbar=\"bottom\" data-toolbar-fixed=\"off\">1_Stage Tirane - Korce .2<br\/><\/a> <a href=\"https:\/\/albcycling.al\/wp-content\/uploads\/2017\/05\/2_Stage-Korce-Elbasan-.3.pdf\" class=\"pdfemb-viewer\" style=\"\" data-width=\"max\" data-height=\"max\"  data-toolbar=\"bottom\" data-toolbar-fixed=\"off\">2_Stage Korce - Elbasan .3<br\/><\/a>\n<\/div><div class=\"nav fusion-mobile-tab-nav\"><ul class=\"nav-tabs nav-justified\" role=\"tablist\"><li role=\"presentation\"><a class=\"tab-link\" data-toggle=\"tab\" role=\"tab\" aria-controls=\"tab-cd3ac84a8ced7b208c2\" aria-selected=\"false\" tabindex=\"-1\" id=\"mobile-fusion-tab-faza3:elbasan-vlor\u00eb\" href=\"#tab-cd3ac84a8ced7b208c2\"><h4 class=\"fusion-tab-heading\">Faza 3: Elbasan-Vlor\u00eb<\/h4><\/a><\/li><\/ul><\/div><div class=\"tab-pane fade fusion-clearfix\" role=\"tabpanel\" tabindex=\"0\" aria-labelledby=\"fusion-tab-faza3:elbasan-vlor\u00eb\" id=\"tab-cd3ac84a8ced7b208c2\">\n<p style=\"text-align: center;\"><iframe src=\"https:\/\/www.plotaroute.com\/embedmap\/359345\" name=\"plotaroute_map_359345\" scrolling=\"no\" allowfullscreen=\"allowfullscreen\" width=\"640\" height=\"425\" frameborder=\"0\"><\/iframe><\/p>\n<p style=\"text-align: center;\"><a href=\"https:\/\/albcycling.al\/wp-content\/uploads\/2017\/05\/3_Stage-Elbasan-Vlore-.1.pdf\" class=\"pdfemb-viewer\" style=\"\" data-width=\"max\" data-height=\"max\"  data-toolbar=\"bottom\" data-toolbar-fixed=\"off\">3_Stage Elbasan - Vlore .1<br\/><\/a> <a href=\"https:\/\/albcycling.al\/wp-content\/uploads\/2017\/05\/3_Stage-Elbasan-Vlore-.2-1.pdf\" class=\"pdfemb-viewer\" style=\"\" data-width=\"max\" data-height=\"max\"  data-toolbar=\"bottom\" data-toolbar-fixed=\"off\">3_Stage Elbasan - Vlore .2<br\/><\/a> <a href=\"https:\/\/albcycling.al\/wp-content\/uploads\/2017\/05\/3_Stage-Elbasan-Vlore-.3-1.pdf\" class=\"pdfemb-viewer\" style=\"\" data-width=\"max\" data-height=\"max\"  data-toolbar=\"bottom\" data-toolbar-fixed=\"off\">3_Stage Elbasan - Vlore .3<br\/><\/a> <a href=\"https:\/\/albcycling.al\/wp-content\/uploads\/2017\/05\/3_Stage-Elbasan-Vlore-.4-2.pdf\" class=\"pdfemb-viewer\" style=\"\" data-width=\"max\" data-height=\"max\"  data-toolbar=\"bottom\" data-toolbar-fixed=\"off\">3_Stage Elbasan - Vlore .4<br\/><\/a>\n<\/div><div class=\"nav fusion-mobile-tab-nav\"><ul class=\"nav-tabs nav-justified\" role=\"tablist\"><li role=\"presentation\"><a class=\"tab-link\" data-toggle=\"tab\" role=\"tab\" aria-controls=\"tab-13b66a2223076ed8630\" aria-selected=\"false\" tabindex=\"-1\" id=\"mobile-fusion-tab-faza4:vlor\u00eb-sarand\u00eb\" href=\"#tab-13b66a2223076ed8630\"><h4 class=\"fusion-tab-heading\">Faza 4: Vlor\u00eb-Sarand\u00eb<\/h4><\/a><\/li><\/ul><\/div><div class=\"tab-pane fade fusion-clearfix\" role=\"tabpanel\" tabindex=\"0\" aria-labelledby=\"fusion-tab-faza4:vlor\u00eb-sarand\u00eb\" id=\"tab-13b66a2223076ed8630\">\n<p style=\"text-align: center;\"><iframe src=\"https:\/\/www.plotaroute.com\/embedmap\/357978\" name=\"plotaroute_map_357978\" scrolling=\"no\" allowfullscreen=\"allowfullscreen\" width=\"640\" height=\"425\" frameborder=\"0\"><\/iframe><\/p>\n<p style=\"text-align: center;\"><a href=\"https:\/\/albcycling.al\/wp-content\/uploads\/2017\/05\/4_Stage-Vlore-Sarande-.1.pdf\" class=\"pdfemb-viewer\" style=\"\" data-width=\"max\" data-height=\"max\"  data-toolbar=\"bottom\" data-toolbar-fixed=\"off\">4_Stage Vlore - Sarande .1<br\/><\/a> <a href=\"https:\/\/albcycling.al\/wp-content\/uploads\/2017\/05\/4_Stage-Vlore-Sarande-.2.pdf\" class=\"pdfemb-viewer\" style=\"\" data-width=\"max\" data-height=\"max\"  data-toolbar=\"bottom\" data-toolbar-fixed=\"off\">4_Stage Vlore - Sarande .2<br\/><\/a> <a href=\"https:\/\/albcycling.al\/wp-content\/uploads\/2017\/05\/4_Stage-Vlore-Sarande-.3.pdf\" class=\"pdfemb-viewer\" style=\"\" data-width=\"max\" data-height=\"max\"  data-toolbar=\"bottom\" data-toolbar-fixed=\"off\">4_Stage Vlore - Sarande .3<br\/><\/a><\/div><div class=\"nav fusion-mobile-tab-nav\"><ul class=\"nav-tabs nav-justified\" role=\"tablist\"><li role=\"presentation\"><a class=\"tab-link\" data-toggle=\"tab\" role=\"tab\" aria-controls=\"tab-83c9b80425d4578a964\" aria-selected=\"false\" tabindex=\"-1\" id=\"mobile-fusion-tab-faza5:sarand\u00eb-fier\" href=\"#tab-83c9b80425d4578a964\"><h4 class=\"fusion-tab-heading\">Faza 5: Sarand\u00eb-Fier<\/h4><\/a><\/li><\/ul><\/div><div class=\"tab-pane fade fusion-clearfix\" role=\"tabpanel\" tabindex=\"0\" aria-labelledby=\"fusion-tab-faza5:sarand\u00eb-fier\" id=\"tab-83c9b80425d4578a964\">\n<p style=\"text-align: center;\"><iframe src=\"https:\/\/www.plotaroute.com\/embedmap\/357986\" name=\"plotaroute_map_357986\" scrolling=\"no\" allowfullscreen=\"allowfullscreen\" width=\"640\" height=\"425\" frameborder=\"0\"><\/iframe><\/p>\n<p style=\"text-align: center;\"><a href=\"https:\/\/albcycling.al\/wp-content\/uploads\/2017\/05\/5_Stage-Sarande-Fier-.1.pdf\" class=\"pdfemb-viewer\" style=\"\" data-width=\"max\" data-height=\"max\"  data-toolbar=\"bottom\" data-toolbar-fixed=\"off\">5_Stage Sarande - Fier .1<br\/><\/a> <a href=\"https:\/\/albcycling.al\/wp-content\/uploads\/2017\/05\/5_Stage-Sarande-Fier-.2.pdf\" class=\"pdfemb-viewer\" style=\"\" data-width=\"max\" data-height=\"max\"  data-toolbar=\"bottom\" data-toolbar-fixed=\"off\">5_Stage Sarande - Fier .2<br\/><\/a> <a href=\"https:\/\/albcycling.al\/wp-content\/uploads\/2017\/05\/5_Stage-Sarande-Fier-.3.pdf\" class=\"pdfemb-viewer\" style=\"\" data-width=\"max\" data-height=\"max\"  data-toolbar=\"bottom\" data-toolbar-fixed=\"off\">5_Stage Sarande - Fier .3<br\/><\/a><\/div><\/div><\/div><div class=\"fusion-sep-clear\"><\/div><div class=\"fusion-separator fusion-full-width-sep\" style=\"margin-left: auto;margin-right: auto;margin-top:22px;margin-bottom:22px;width:100%;\"><\/div><div class=\"fusion-sep-clear\"><\/div><div class=\"fusion-text fusion-text-1\"><p><strong>Ekipet pjes\u00ebmarr\u00ebse n\u00eb Turin e 74-rt t\u00eb Shqip\u00ebris\u00eb:<\/strong><\/p>\n<p>AMORE E VITA SELLE SMP FONDRIEST<br \/>\nASFRA RACING TEAM OUDENAARDE (BELGIUM)<br \/>\nCCN METALAC SERBIA<br \/>\nGM Europa OVINI<br \/>\nGragnano Sporting Club ASD<br \/>\nMeridiana Kamen Team<br \/>\nGLOBAL CYCLING (NETHERLAND)<br \/>\nPKB Montenegro Team<br \/>\nSptableware Kronos Team<br \/>\nVelo-M Kumanov<br \/>\nFIERI CYCLING TEAM ALB<br \/>\nKOSOVO NATIONAL TEAM<\/p>\n<p style=\"text-align: center;\">\n<\/div><\/div><\/div><div class=\"fusion-clearfix\"><\/div><\/div><\/div><div class=\"fusion-layout-column fusion_builder_column fusion-builder-column-1 fusion_builder_column_1_4 1_4 fusion-one-fourth fusion-column-last\" style=\"--awb-bg-size:cover;width:25%;width:calc(25% - ( ( 4% ) * 0.25 ) );\"><div class=\"fusion-column-wrapper fusion-flex-column-wrapper-legacy\"><div class=\"fusion-text fusion-text-2\"><h3 style=\"text-align: center;\">Official Sponsors<\/h3>\n<p style=\"text-align: center;\">\n<\/div><div class=\"fusion-image-element fusion-image-align-center in-legacy-container\" style=\"text-align:center;--awb-caption-title-size:var(--h2_typography-font-size);--awb-caption-title-transform:var(--h2_typography-text-transform);--awb-caption-title-line-height:var(--h2_typography-line-height);--awb-caption-title-letter-spacing:var(--h2_typography-letter-spacing);\"><div class=\"imageframe-align-center\"><span class=\" fusion-imageframe imageframe-none imageframe-1 hover-type-none\"><img decoding=\"async\" width=\"240\" height=\"184\" title=\"13-10-24-06-31-29small_m-arsimit\" src=\"http:\/\/albcycling.al\/wp-content\/uploads\/2017\/05\/13-10-24-06-31-29small_m-arsimit.jpg\" alt class=\"img-responsive wp-image-1691\" srcset=\"https:\/\/albcycling.al\/wp-content\/uploads\/2017\/05\/13-10-24-06-31-29small_m-arsimit-200x153.jpg 200w, https:\/\/albcycling.al\/wp-content\/uploads\/2017\/05\/13-10-24-06-31-29small_m-arsimit.jpg 240w\" sizes=\"(max-width: 800px) 100vw, 240px\" \/><\/span><\/div><\/div><div class=\"fusion-image-element fusion-image-align-center in-legacy-container\" style=\"text-align:center;--awb-caption-title-size:var(--h2_typography-font-size);--awb-caption-title-transform:var(--h2_typography-text-transform);--awb-caption-title-line-height:var(--h2_typography-line-height);--awb-caption-title-letter-spacing:var(--h2_typography-letter-spacing);\"><div class=\"imageframe-align-center\"><span class=\" fusion-imageframe imageframe-none imageframe-2 hover-type-none\"><img decoding=\"async\" width=\"240\" height=\"184\" title=\"15-02-20-12-52-40small_1\" src=\"http:\/\/albcycling.al\/wp-content\/uploads\/2017\/05\/15-02-20-12-52-40small_1.jpg\" alt class=\"img-responsive wp-image-1692\" srcset=\"https:\/\/albcycling.al\/wp-content\/uploads\/2017\/05\/15-02-20-12-52-40small_1-200x153.jpg 200w, https:\/\/albcycling.al\/wp-content\/uploads\/2017\/05\/15-02-20-12-52-40small_1.jpg 240w\" sizes=\"(max-width: 800px) 100vw, 240px\" \/><\/span><\/div><\/div><div class=\"fusion-text fusion-text-3\"><h3 style=\"text-align: center;\">Official Supporters<\/h3>\n<p style=\"text-align: center;\">\n<\/div><div class=\"fusion-image-element fusion-image-align-center in-legacy-container\" style=\"text-align:center;--awb-caption-title-size:var(--h2_typography-font-size);--awb-caption-title-transform:var(--h2_typography-text-transform);--awb-caption-title-line-height:var(--h2_typography-line-height);--awb-caption-title-letter-spacing:var(--h2_typography-letter-spacing);\"><div class=\"imageframe-align-center\"><span class=\" fusion-imageframe imageframe-none imageframe-3 hover-type-none\"><img decoding=\"async\" width=\"500\" height=\"500\" title=\"skoda-logo\" src=\"http:\/\/albcycling.al\/wp-content\/uploads\/2017\/05\/skoda-logo.jpg\" alt class=\"img-responsive wp-image-1693\" srcset=\"https:\/\/albcycling.al\/wp-content\/uploads\/2017\/05\/skoda-logo-200x200.jpg 200w, https:\/\/albcycling.al\/wp-content\/uploads\/2017\/05\/skoda-logo-400x400.jpg 400w, https:\/\/albcycling.al\/wp-content\/uploads\/2017\/05\/skoda-logo.jpg 500w\" sizes=\"(max-width: 800px) 100vw, 400px\" \/><\/span><\/div><\/div><div class=\"fusion-image-element fusion-image-align-center in-legacy-container\" style=\"text-align:center;--awb-caption-title-size:var(--h2_typography-font-size);--awb-caption-title-transform:var(--h2_typography-text-transform);--awb-caption-title-line-height:var(--h2_typography-line-height);--awb-caption-title-letter-spacing:var(--h2_typography-letter-spacing);\"><div class=\"imageframe-align-center\"><span class=\" fusion-imageframe imageframe-none imageframe-4 hover-type-none\"><img decoding=\"async\" width=\"500\" height=\"500\" title=\"aYFjZ3Le\" src=\"http:\/\/albcycling.al\/wp-content\/uploads\/2017\/05\/aYFjZ3Le.png\" alt class=\"img-responsive wp-image-1696\" srcset=\"https:\/\/albcycling.al\/wp-content\/uploads\/2017\/05\/aYFjZ3Le-200x200.png 200w, https:\/\/albcycling.al\/wp-content\/uploads\/2017\/05\/aYFjZ3Le-400x400.png 400w, https:\/\/albcycling.al\/wp-content\/uploads\/2017\/05\/aYFjZ3Le.png 500w\" sizes=\"(max-width: 800px) 100vw, 400px\" \/><\/span><\/div><\/div><div class=\"fusion-image-element fusion-image-align-center in-legacy-container\" style=\"text-align:center;--awb-caption-title-size:var(--h2_typography-font-size);--awb-caption-title-transform:var(--h2_typography-text-transform);--awb-caption-title-line-height:var(--h2_typography-line-height);--awb-caption-title-letter-spacing:var(--h2_typography-letter-spacing);\"><div class=\"imageframe-align-center\"><span class=\" fusion-imageframe imageframe-none imageframe-5 hover-type-none\"><img decoding=\"async\" width=\"450\" height=\"144\" title=\"eurosig-logo-e1402922781534\" src=\"http:\/\/albcycling.al\/wp-content\/uploads\/2017\/05\/eurosig-logo-e1402922781534.jpg\" alt class=\"img-responsive wp-image-1697\" srcset=\"https:\/\/albcycling.al\/wp-content\/uploads\/2017\/05\/eurosig-logo-e1402922781534-200x64.jpg 200w, https:\/\/albcycling.al\/wp-content\/uploads\/2017\/05\/eurosig-logo-e1402922781534-400x128.jpg 400w, https:\/\/albcycling.al\/wp-content\/uploads\/2017\/05\/eurosig-logo-e1402922781534.jpg 450w\" sizes=\"(max-width: 800px) 100vw, 400px\" \/><\/span><\/div><\/div><div class=\"fusion-image-element fusion-image-align-center in-legacy-container\" style=\"text-align:center;--awb-caption-title-size:var(--h2_typography-font-size);--awb-caption-title-transform:var(--h2_typography-text-transform);--awb-caption-title-line-height:var(--h2_typography-line-height);--awb-caption-title-letter-spacing:var(--h2_typography-letter-spacing);\"><div class=\"imageframe-align-center\"><span class=\" fusion-imageframe imageframe-none imageframe-6 hover-type-none\"><img decoding=\"async\" width=\"1200\" height=\"594\" title=\"SUOMY-Logo-1\" src=\"http:\/\/albcycling.al\/wp-content\/uploads\/2017\/05\/SUOMY-Logo-1.jpg\" alt class=\"img-responsive wp-image-1698\" srcset=\"https:\/\/albcycling.al\/wp-content\/uploads\/2017\/05\/SUOMY-Logo-1-200x99.jpg 200w, https:\/\/albcycling.al\/wp-content\/uploads\/2017\/05\/SUOMY-Logo-1-400x198.jpg 400w, https:\/\/albcycling.al\/wp-content\/uploads\/2017\/05\/SUOMY-Logo-1-600x297.jpg 600w, https:\/\/albcycling.al\/wp-content\/uploads\/2017\/05\/SUOMY-Logo-1-800x396.jpg 800w, https:\/\/albcycling.al\/wp-content\/uploads\/2017\/05\/SUOMY-Logo-1.jpg 1200w\" sizes=\"(max-width: 800px) 100vw, 400px\" \/><\/span><\/div><\/div><div class=\"fusion-image-element fusion-image-align-center in-legacy-container\" style=\"text-align:center;--awb-caption-title-size:var(--h2_typography-font-size);--awb-caption-title-transform:var(--h2_typography-text-transform);--awb-caption-title-line-height:var(--h2_typography-line-height);--awb-caption-title-letter-spacing:var(--h2_typography-letter-spacing);\"><div class=\"imageframe-align-center\"><span class=\" fusion-imageframe imageframe-none imageframe-7 hover-type-none\"><img decoding=\"async\" width=\"300\" height=\"170\" title=\"red-bull-logo-00BE208AF1-seeklogo.com\" src=\"http:\/\/albcycling.al\/wp-content\/uploads\/2017\/05\/red-bull-logo-00BE208AF1-seeklogo.com_.png\" alt class=\"img-responsive wp-image-1699\" srcset=\"https:\/\/albcycling.al\/wp-content\/uploads\/2017\/05\/red-bull-logo-00BE208AF1-seeklogo.com_-200x113.png 200w, https:\/\/albcycling.al\/wp-content\/uploads\/2017\/05\/red-bull-logo-00BE208AF1-seeklogo.com_.png 300w\" sizes=\"(max-width: 800px) 100vw, 300px\" \/><\/span><\/div><\/div><div class=\"fusion-text fusion-text-4\"><h3 style=\"text-align: center;\">Institutional Partners<\/h3>\n<p style=\"text-align: center;\">\n<\/div><div class=\"fusion-image-element fusion-image-align-center in-legacy-container\" style=\"text-align:center;--awb-caption-title-size:var(--h2_typography-font-size);--awb-caption-title-transform:var(--h2_typography-text-transform);--awb-caption-title-line-height:var(--h2_typography-line-height);--awb-caption-title-letter-spacing:var(--h2_typography-letter-spacing);\"><div class=\"imageframe-align-center\"><span class=\" fusion-imageframe imageframe-none imageframe-8 hover-type-none\"><img decoding=\"async\" width=\"600\" height=\"392\" title=\"uci&#8211;\" src=\"http:\/\/albcycling.al\/wp-content\/uploads\/2017\/05\/uci-.jpg\" alt class=\"img-responsive wp-image-1701\" srcset=\"https:\/\/albcycling.al\/wp-content\/uploads\/2017\/05\/uci--200x131.jpg 200w, https:\/\/albcycling.al\/wp-content\/uploads\/2017\/05\/uci--400x261.jpg 400w, https:\/\/albcycling.al\/wp-content\/uploads\/2017\/05\/uci-.jpg 600w\" sizes=\"(max-width: 800px) 100vw, 400px\" \/><\/span><\/div><\/div><div class=\"fusion-image-element fusion-image-align-center in-legacy-container\" style=\"text-align:center;--awb-caption-title-size:var(--h2_typography-font-size);--awb-caption-title-transform:var(--h2_typography-text-transform);--awb-caption-title-line-height:var(--h2_typography-line-height);--awb-caption-title-letter-spacing:var(--h2_typography-letter-spacing);\"><div class=\"imageframe-align-center\"><span class=\" fusion-imageframe imageframe-none imageframe-9 hover-type-none\"><img decoding=\"async\" width=\"443\" height=\"500\" title=\"Komiteti_Olimpik_Komb\u00ebtar_Shqiptar\" src=\"http:\/\/albcycling.al\/wp-content\/uploads\/2017\/05\/Komiteti_Olimpik_Komb\u00ebtar_Shqiptar.jpg\" alt class=\"img-responsive wp-image-1702\" srcset=\"https:\/\/albcycling.al\/wp-content\/uploads\/2017\/05\/Komiteti_Olimpik_Komb\u00ebtar_Shqiptar-200x226.jpg 200w, https:\/\/albcycling.al\/wp-content\/uploads\/2017\/05\/Komiteti_Olimpik_Komb\u00ebtar_Shqiptar-400x451.jpg 400w, https:\/\/albcycling.al\/wp-content\/uploads\/2017\/05\/Komiteti_Olimpik_Komb\u00ebtar_Shqiptar.jpg 443w\" sizes=\"(max-width: 800px) 100vw, 400px\" \/><\/span><\/div><\/div><div class=\"fusion-text fusion-text-5\"><h3 style=\"text-align: center;\">Media Partner<\/h3>\n<p style=\"text-align: center;\">\n<\/div><div class=\"fusion-image-element fusion-image-align-center in-legacy-container\" style=\"text-align:center;--awb-caption-title-size:var(--h2_typography-font-size);--awb-caption-title-transform:var(--h2_typography-text-transform);--awb-caption-title-line-height:var(--h2_typography-line-height);--awb-caption-title-letter-spacing:var(--h2_typography-letter-spacing);\"><div class=\"imageframe-align-center\"><span class=\" fusion-imageframe imageframe-none imageframe-10 hover-type-none\"><img decoding=\"async\" width=\"300\" height=\"120\" title=\"RTSH\" src=\"http:\/\/albcycling.al\/wp-content\/uploads\/2017\/05\/RTSH.jpg\" alt class=\"img-responsive wp-image-1703\" srcset=\"https:\/\/albcycling.al\/wp-content\/uploads\/2017\/05\/RTSH-200x80.jpg 200w, https:\/\/albcycling.al\/wp-content\/uploads\/2017\/05\/RTSH.jpg 300w\" sizes=\"(max-width: 800px) 100vw, 300px\" \/><\/span><\/div><\/div><div class=\"fusion-clearfix\"><\/div><\/div><\/div><\/div><\/div>\n","protected":false},"excerpt":{"rendered":"","protected":false},"author":1,"featured_media":0,"parent":0,"menu_order":0,"comment_status":"closed","ping_status":"closed","template":"","meta":{"ngg_post_thumbnail":0},"acf":[],"_links":{"self":[{"href":"https:\/\/albcycling.al\/index.php?rest_route=\/wp\/v2\/pages\/1681"}],"collection":[{"href":"https:\/\/albcycling.al\/index.php?rest_route=\/wp\/v2\/pages"}],"about":[{"href":"https:\/\/albcycling.al\/index.php?rest_route=\/wp\/v2\/types\/page"}],"author":[{"embeddable":true,"href":"https:\/\/albcycling.al\/index.php?rest_route=\/wp\/v2\/users\/1"}],"replies":[{"embeddable":true,"href":"https:\/\/albcycling.al\/index.php?rest_route=%2Fwp%2Fv2%2Fcomments&post=1681"}],"version-history":[{"count":15,"href":"https:\/\/albcycling.al\/index.php?rest_route=\/wp\/v2\/pages\/1681\/revisions"}],"predecessor-version":[{"id":1685,"href":"https:\/\/albcycling.al\/index.php?rest_route=\/wp\/v2\/pages\/1681\/revisions\/1685"}],"wp:attachment":[{"href":"https:\/\/albcycling.al\/index.php?rest_route=%2Fwp%2Fv2%2Fmedia&parent=1681"}],"curies":[{"name":"wp","href":"https:\/\/api.w.org\/{rel}","templated":true}]}}