{"id":1363,"date":"2017-03-16T09:10:56","date_gmt":"2017-03-16T08:10:56","guid":{"rendered":"http:\/\/albcycling.al\/?page_id=1363"},"modified":"2017-03-24T02:37:32","modified_gmt":"2017-03-24T01:37:32","slug":"rreth-federates","status":"publish","type":"page","link":"https:\/\/albcycling.al\/?page_id=1363","title":{"rendered":"Rreth Federat\u00ebs"},"content":{"rendered":"<p><div class=\"fusion-fullwidth fullwidth-box fusion-builder-row-1 nonhundred-percent-fullwidth non-hundred-percent-height-scrolling\" style=\"--awb-border-radius-top-left:0px;--awb-border-radius-top-right:0px;--awb-border-radius-bottom-right:0px;--awb-border-radius-bottom-left:0px;\" ><div class=\"fusion-builder-row fusion-row\"><div class=\"fusion-layout-column fusion_builder_column fusion-builder-column-0 fusion_builder_column_1_1 1_1 fusion-one-full fusion-column-first fusion-column-last\" style=\"--awb-bg-size:cover;\"><div class=\"fusion-column-wrapper fusion-flex-column-wrapper-legacy\"><div class=\"fusion-clearfix\"><\/div><\/div><\/div><\/div><\/div><div class=\"fusion-fullwidth fullwidth-box fusion-builder-row-2 nonhundred-percent-fullwidth non-hundred-percent-height-scrolling\" style=\"--awb-border-radius-top-left:0px;--awb-border-radius-top-right:0px;--awb-border-radius-bottom-right:0px;--awb-border-radius-bottom-left:0px;\" ><div class=\"fusion-builder-row fusion-row\"><div class=\"fusion-layout-column fusion_builder_column fusion-builder-column-1 fusion_builder_column_2_3 2_3 fusion-two-third fusion-column-first\" style=\"--awb-bg-size:cover;width:66.666666666667%;width:calc(66.666666666667% - ( ( 4% ) * 0.66666666666667 ) );margin-right: 4%;\"><div class=\"fusion-column-wrapper fusion-flex-column-wrapper-legacy\"><div class=\"fusion-text fusion-text-1\"><div id=\"lipsum\">\n<p>Lorem ipsum dolor sit amet, consectetur adipiscing elit. Phasellus id nibh in felis posuere iaculis non non est. Aliquam interdum eros ac tortor placerat rhoncus. Curabitur in porttitor erat. Aenean pretium mattis erat a facilisis. Integer feugiat nisi vel bibendum egestas. Maecenas in lectus ut lacus lobortis vestibulum. Nulla viverra volutpat ante sed vulputate. Praesent at suscipit felis, id iaculis tortor.<\/p>\n<p>Morbi vulputate et ipsum a sollicitudin. Sed volutpat est non urna dapibus, sed convallis massa dictum. Suspendisse non vehicula nulla. Duis volutpat pretium libero, a finibus urna faucibus ac. Vestibulum viverra justo sed velit cursus, non porttitor mauris aliquet. Etiam dapibus suscipit semper. Etiam condimentum ante ac tortor auctor, vitae tincidunt ex fringilla. Proin a ante risus. Morbi facilisis, mi vitae venenatis tincidunt, erat nunc sodales dui, nec aliquet quam mi ut magna. Nam pharetra ex vel nulla eleifend, vitae porttitor odio semper. Donec facilisis lectus odio, sed hendrerit ante rhoncus sed. Nullam consectetur dignissim pretium. Pellentesque eget dapibus ante, id maximus nisl. Pellentesque eu lectus et ligula placerat laoreet id vel ipsum. Praesent convallis sodales justo vel vehicula. Proin commodo eget arcu in vestibulum.<\/p>\n<\/div>\n<\/div><div class=\"fusion-sep-clear\"><\/div><div class=\"fusion-separator fusion-full-width-sep\" style=\"margin-left: auto;margin-right: auto;margin-top:20px;margin-bottom:20px;width:100%;\"><\/div><div class=\"fusion-sep-clear\"><\/div><div class=\"fusion-counters-box counters-box row fusion-clearfix fusion-columns-3\" style=\"--awb-color:#069bd6;--awb-icon-size:40;\"><div class=\"fusion-counter-box fusion-column col-counter-box counter-box-wrapper col-lg-4 col-md-4 col-sm-4 fusion-counter-box-icon-top\" data-animationOffset=\"top-into-view\"><div class=\"counter-box-container\"><div class=\"content-box-percentage content-box-counter\"><i class=\"counter-box-icon fontawesome-icon fa fa-clock-o\" aria-hidden=\"true\"><\/i><span class=\"display-counter\" data-value=\"92\" data-direction=\"up\" data-decimals=\"0\">0<\/span><\/div><div class=\"counter-box-content\"> Vite<\/div><\/div><\/div><div class=\"fusion-counter-box fusion-column col-counter-box counter-box-wrapper col-lg-4 col-md-4 col-sm-4 fusion-counter-box-icon-top\" data-animationOffset=\"top-into-view\"><div class=\"counter-box-container\"><div class=\"content-box-percentage content-box-counter\"><i class=\"counter-box-icon fontawesome-icon fa fa-bicycle\" aria-hidden=\"true\"><\/i><span class=\"display-counter\" data-value=\"255\" data-direction=\"up\" data-decimals=\"0\">0<\/span><\/div><div class=\"counter-box-content\">Gara<\/div><\/div><\/div><div class=\"fusion-counter-box fusion-column col-counter-box counter-box-wrapper col-lg-4 col-md-4 col-sm-4 fusion-counter-box-icon-top\" data-animationOffset=\"top-into-view\"><div class=\"counter-box-container\"><div class=\"content-box-percentage content-box-counter\"><i class=\"counter-box-icon fontawesome-icon fa fa-user\" aria-hidden=\"true\"><\/i><span class=\"display-counter\" data-value=\"789\" data-direction=\"up\" data-decimals=\"0\">0<\/span><\/div><div class=\"counter-box-content\">\u00c7iklist\u00eb<\/div><\/div><\/div><\/div><div class=\"clearfix\"><\/div><div class=\"fusion-sep-clear\"><\/div><div class=\"fusion-separator fusion-full-width-sep\" style=\"margin-left: auto;margin-right: auto;margin-top:20px;margin-bottom:20px;width:100%;\"><\/div><div class=\"fusion-sep-clear\"><\/div><div class=\"fusion-text fusion-text-2\"><p>Curabitur congue odio sed turpis tempus, nec eleifend dolor rhoncus. Donec a semper dolor. Donec sit amet magna non ipsum pellentesque dapibus. Etiam nec dolor dapibus metus sollicitudin bibendum. Nulla at diam dictum, tristique justo vitae, eleifend dui. Etiam pharetra orci odio, sit amet bibendum mi bibendum et. In quis eros eros. Aliquam a arcu orci. Duis ultrices turpis quis lectus rutrum accumsan. Phasellus at odio dolor. Pellentesque massa mauris, ultricies in maximus eget, mattis eu eros. Fusce ullamcorper scelerisque sem. Sed sit amet leo id libero consectetur imperdiet. Interdum et malesuada fames ac ante ipsum primis in faucibus.<\/p>\n<\/div><div class=\"fusion-sep-clear\"><\/div><div class=\"fusion-separator fusion-full-width-sep\" style=\"margin-left: auto;margin-right: auto;margin-top:20px;margin-bottom:20px;width:100%;\"><\/div><div class=\"fusion-sep-clear\"><\/div><div class=\"fusion-title title fusion-title-1 fusion-title-center fusion-title-text fusion-title-size-three\" style=\"--awb-margin-top:30px;--awb-margin-bottom:10px;--awb-sep-color:#008fc5;\"><div class=\"title-sep-container title-sep-container-left\"><div class=\"title-sep sep-single sep-solid\" style=\"border-color:#008fc5;\"><\/div><\/div><span class=\"awb-title-spacer\"><\/span><h3 class=\"title-heading-center fusion-responsive-typography-calculated\" style=\"margin:0;--fontSize:26;line-height:1.62;\"><p style=\"text-align: center;\">Kampion\u00ebt tan\u00eb nd\u00ebr vite<\/p><\/h3><span class=\"awb-title-spacer\"><\/span><div class=\"title-sep-container title-sep-container-right\"><div class=\"title-sep sep-single sep-solid\" style=\"border-color:#008fc5;\"><\/div><\/div><\/div><div class=\"fusion-image-carousel fusion-image-carousel-fixed fusion-image-carousel-1 lightbox-enabled fusion-carousel-border\"><div class=\"awb-carousel awb-swiper awb-swiper-carousel\" data-autoplay=\"no\" data-columns=\"3\" data-itemmargin=\"13\" data-itemwidth=\"180\" data-touchscroll=\"no\" data-imagesize=\"fixed\" data-scrollitems=\"2\" style=\"--awb-columns:3;\"><div class=\"swiper-wrapper fusion-flex-align-items-center\"><div class=\"swiper-slide\"><div class=\"fusion-carousel-item-wrapper\"><div class=\"fusion-image-wrapper hover-type-liftup\"><a data-rel=\"iLightbox[image_carousel_1]\" data-caption=\"Kasem Trebeshina\" data-title=\"Kasem Trebeshina\" aria-label=\"Kasem Trebeshina\" href=\"http:\/\/albcycling.al\/wp-content\/uploads\/2017\/03\/WATSON_00004370-011.jpg\" target=\"_self\"><img width=\"460\" height=\"295\" src=\"https:\/\/albcycling.al\/wp-content\/uploads\/2017\/03\/WATSON_00004370-011-460x295.jpg\" class=\"attachment-portfolio-two size-portfolio-two\" alt=\"Kasem Trebeshina\" decoding=\"async\" \/><\/a><\/div><\/div><\/div><div class=\"swiper-slide\"><div class=\"fusion-carousel-item-wrapper\"><div class=\"fusion-image-wrapper hover-type-liftup\"><a data-rel=\"iLightbox[image_carousel_1]\" data-title=\"Sami Frasheri\" aria-label=\"Sami Frasheri\" href=\"http:\/\/albcycling.al\/wp-content\/uploads\/2017\/03\/2009_uci_road_world_championships_cadel_evans_australia_world_champion_gold2.jpg\" target=\"_self\"><img width=\"460\" height=\"295\" src=\"https:\/\/albcycling.al\/wp-content\/uploads\/2017\/03\/2009_uci_road_world_championships_cadel_evans_australia_world_champion_gold2-460x295.jpg\" class=\"attachment-portfolio-two size-portfolio-two\" alt=\"Naim Frasheri\" decoding=\"async\" \/><\/a><\/div><\/div><\/div><div class=\"swiper-slide\"><div class=\"fusion-carousel-item-wrapper\"><div class=\"fusion-image-wrapper hover-type-liftup\"><a data-rel=\"iLightbox[image_carousel_1]\" data-title=\"Sami Frasheri\" aria-label=\"Sami Frasheri\" href=\"http:\/\/albcycling.al\/wp-content\/uploads\/2017\/03\/article-1348879-0CD709D6000005DC-166_472x463.jpg\" target=\"_self\"><img width=\"460\" height=\"295\" src=\"https:\/\/albcycling.al\/wp-content\/uploads\/2017\/03\/article-1348879-0CD709D6000005DC-166_472x463-460x295.jpg\" class=\"attachment-portfolio-two size-portfolio-two\" alt=\"Sami Frasheri\" decoding=\"async\" \/><\/a><\/div><\/div><\/div><div class=\"swiper-slide\"><div class=\"fusion-carousel-item-wrapper\"><div class=\"fusion-image-wrapper hover-type-liftup\"><a data-rel=\"iLightbox[image_carousel_1]\" data-title=\"Abdyl Frasheri\" aria-label=\"Abdyl Frasheri\" href=\"http:\/\/albcycling.al\/wp-content\/uploads\/2017\/03\/Mark_Cavendish-lin_2008848c.jpg\" target=\"_self\"><img width=\"460\" height=\"287\" src=\"https:\/\/albcycling.al\/wp-content\/uploads\/2017\/03\/Mark_Cavendish-lin_2008848c-460x287.jpg\" class=\"attachment-portfolio-two size-portfolio-two\" alt=\"Abdyl Frasheri\" decoding=\"async\" srcset=\"https:\/\/albcycling.al\/wp-content\/uploads\/2017\/03\/Mark_Cavendish-lin_2008848c-200x125.jpg 200w, https:\/\/albcycling.al\/wp-content\/uploads\/2017\/03\/Mark_Cavendish-lin_2008848c-400x250.jpg 400w, https:\/\/albcycling.al\/wp-content\/uploads\/2017\/03\/Mark_Cavendish-lin_2008848c.jpg 460w\" sizes=\"(min-width: 2200px) 100vw, (min-width: 824px) 418px, (min-width: 732px) 627px, (min-width: 640px) 732px, \" \/><\/a><\/div><\/div><\/div><div class=\"swiper-slide\"><div class=\"fusion-carousel-item-wrapper\"><div class=\"fusion-image-wrapper hover-type-liftup\"><a data-rel=\"iLightbox[image_carousel_1]\" data-title=\"Dritero Agolli\" aria-label=\"Dritero Agolli\" href=\"http:\/\/albcycling.al\/wp-content\/uploads\/2017\/03\/2079734_600x400.jpeg\" target=\"_self\"><img width=\"460\" height=\"295\" src=\"https:\/\/albcycling.al\/wp-content\/uploads\/2017\/03\/2079734_600x400-460x295.jpeg\" class=\"attachment-portfolio-two size-portfolio-two\" alt=\"v \" decoding=\"async\" \/><\/a><\/div><\/div><\/div><div class=\"swiper-slide\"><div class=\"fusion-carousel-item-wrapper\"><div class=\"fusion-image-wrapper hover-type-liftup\"><a data-rel=\"iLightbox[image_carousel_1]\" data-title=\"Lasgush Poradeci\" aria-label=\"Lasgush Poradeci\" href=\"http:\/\/albcycling.al\/wp-content\/uploads\/2017\/03\/cyclist-greg-henderson_630.jpg\" target=\"_self\"><img width=\"460\" height=\"295\" src=\"https:\/\/albcycling.al\/wp-content\/uploads\/2017\/03\/cyclist-greg-henderson_630-460x295.jpg\" class=\"attachment-portfolio-two size-portfolio-two\" alt=\"Lasgush Poradeci\" decoding=\"async\" \/><\/a><\/div><\/div><\/div><div class=\"swiper-slide\"><div class=\"fusion-carousel-item-wrapper\"><div class=\"fusion-image-wrapper hover-type-liftup\"><a data-rel=\"iLightbox[image_carousel_1]\" data-title=\"Mitrush Koteli\" aria-label=\"Mitrush Koteli\" href=\"http:\/\/albcycling.al\/wp-content\/uploads\/2017\/03\/image.jpg\" target=\"_self\"><img width=\"460\" height=\"295\" src=\"https:\/\/albcycling.al\/wp-content\/uploads\/2017\/03\/image-460x295.jpg\" class=\"attachment-portfolio-two size-portfolio-two\" alt=\"Mitrush Koteli\" decoding=\"async\" \/><\/a><\/div><\/div><\/div><\/div><div class=\"awb-swiper-button awb-swiper-button-prev\"><i class=\"awb-icon-angle-left\" aria-hidden=\"true\"><\/i><\/div><div class=\"awb-swiper-button awb-swiper-button-next\"><i class=\"awb-icon-angle-right\" aria-hidden=\"true\"><\/i><\/div><\/div><\/div><div class=\"fusion-clearfix\"><\/div><\/div><\/div><div class=\"fusion-layout-column fusion_builder_column fusion-builder-column-2 fusion_builder_column_1_3 1_3 fusion-one-third fusion-column-last\" style=\"--awb-bg-size:cover;width:33.333333333333%;width:calc(33.333333333333% - ( ( 4% ) * 0.33333333333333 ) );\"><div class=\"fusion-column-wrapper fusion-flex-column-wrapper-legacy\"><div class=\"fusion-widget-area awb-widget-area-element fusion-widget-area-1 fusion-content-widget-area\" style=\"--awb-title-size:18px;--awb-title-color:#333333;\"><div id=\"sfsi-widget-2\" class=\"widget sfsi\"><div class=\"heading\"><h4 class=\"widget-title\">Na ndiqni n\u00eb:<\/h4><\/div>\t\t<div class=\"sfsi_widget\" data-position=\"widget\" style=\"display:flex;flex-wrap:wrap;justify-content: left\">\n\t\t\t<div id='sfsi_wDiv'><\/div>\n\t\t\t<div class=\"norm_row sfsi_wDiv \"  style=\"width:225px;position:absolute;;text-align:left\"><div style='width:40px; height:40px;margin-left:5px;margin-bottom:5px; ' class='sfsi_wicons shuffeldiv ' ><div class='inerCnt'><a class=' sficn' data-effect='fade_in' target='_blank'  href='http:\/\/www.specificfeeds.com\/widgets\/emailSubscribeEncFeed\/MVp5LytKU2hINFhNU0lMTW8xK1k2bERoR2lxZUp6S2tJTEhkWDQ4eHNRSkVWaUdNZFYzTGkxc1FiSTBVYVFOV0Zvam9jM0ZpNk5QUU9LUE4yRWYvaWUvMnNjb2owRVJkNVJ3ZlBhMlhEa2FMSGN6a1h4L2s5QWlqK21NZTRTOWF8ejZOQlAra3dDZ1h1VnFVdmZPTFFXMjZSOEpldGc4QVJ3WGRSN1gvR0FjWT0=\/OA==\/' id='sfsiid_email_icon' style='width:40px;height:40px;opacity:0.6;background:#343D44;'  ><img data-pin-nopin='true' alt='Follow by Email' title='Follow by Email' src='https:\/\/albcycling.al\/wp-content\/plugins\/ultimate-social-media-icons\/images\/icons_theme\/flat\/flat_email.png' width='40' height='40' style='' class='sfcm sfsi_wicon ' data-effect='fade_in'   \/><\/a><\/div><\/div><div style='width:40px; height:40px;margin-left:5px;margin-bottom:5px; ' class='sfsi_wicons shuffeldiv ' ><div class='inerCnt'><a class=' sficn' data-effect='fade_in' target='_blank'  href='#' id='sfsiid_facebook_icon' style='width:40px;height:40px;opacity:0.6;background:#336699;'  ><img data-pin-nopin='true' alt='Facebook' title='Facebook' src='https:\/\/albcycling.al\/wp-content\/plugins\/ultimate-social-media-icons\/images\/icons_theme\/flat\/flat_facebook.png' width='40' height='40' style='' class='sfcm sfsi_wicon ' data-effect='fade_in'   \/><\/a><\/div><\/div><div style='width:40px; height:40px;margin-left:5px;margin-bottom:5px; ' class='sfsi_wicons shuffeldiv ' ><div class='inerCnt'><a class=' sficn' data-effect='fade_in' target='_blank'  href='#' id='sfsiid_youtube_icon' style='width:40px;height:40px;opacity:0.6;background:#c33;'  ><img data-pin-nopin='true' alt='YouTube' title='YouTube' src='https:\/\/albcycling.al\/wp-content\/plugins\/ultimate-social-media-icons\/images\/icons_theme\/flat\/flat_youtube.png' width='40' height='40' style='' class='sfcm sfsi_wicon ' data-effect='fade_in'   \/><\/a><\/div><\/div><\/div ><div id=\"sfsi_holder\" class=\"sfsi_holders\" style=\"position: relative; float: left;width:100%;z-index:-1;\"><\/div ><script>window.addEventListener(\"sfsi_functions_loaded\", function()\n\t\t\t{\n\t\t\t\tif (typeof sfsi_widget_set == \"function\") {\n\t\t\t\t\tsfsi_widget_set();\n\t\t\t\t}\n\t\t\t}); <\/script>\t\t\t<div style=\"clear: both;\"><\/div>\n\t\t<\/div>\n\t<\/div><div id=\"text-4\" class=\"widget widget_text\">\t\t\t<div class=\"textwidget\"><div class=\"fusion-image-element fusion-image-align-center in-legacy-container\" style=\"text-align:center;--awb-caption-title-size:var(--h2_typography-font-size);--awb-caption-title-transform:var(--h2_typography-text-transform);--awb-caption-title-line-height:var(--h2_typography-line-height);--awb-caption-title-letter-spacing:var(--h2_typography-letter-spacing);\"><div class=\"imageframe-align-center\"><span class=\" fusion-imageframe imageframe-none imageframe-1 hover-type-zoomin\" style=\"border:1px solid #000000;\"><a class=\"fusion-no-lightbox\" href=\"https:\/\/albcycling.al\/turi-i-74-i-shqiperise\/\" target=\"_self\" aria-label=\"tour-of-albania-logo-small\" rel=\"noopener\"><img decoding=\"async\" width=\"572\" height=\"405\" src=\"http:\/\/albcycling.al\/wp-content\/uploads\/2015\/06\/tour-of-albania-logo-small.png\" alt class=\"img-responsive wp-image-1628\" srcset=\"https:\/\/albcycling.al\/wp-content\/uploads\/2015\/06\/tour-of-albania-logo-small-200x142.png 200w, https:\/\/albcycling.al\/wp-content\/uploads\/2015\/06\/tour-of-albania-logo-small-400x283.png 400w, https:\/\/albcycling.al\/wp-content\/uploads\/2015\/06\/tour-of-albania-logo-small.png 572w\" sizes=\"(max-width: 800px) 100vw, 572px\" \/><\/a><\/span><\/div><\/div><\/div>\n\t\t<\/div><div id=\"ngg-images-2\" class=\"widget ngg_images\"><div class=\"hslice\" id=\"ngg-webslice\"><div class=\"entry-title heading\"><h4 class=\"entry-title widget-title\">Nga aktiviteti m\u00eb i fundit:<\/h4><\/div><div class=\"ngg-widget entry-content\">\n            <a href=\"https:\/\/albcycling.al\/wp-content\/gallery\/galeria\/bicycle-race-778043.jpg\"\n           title=\" \"\n           data-image-id='35'\n           class=\"ngg-fancybox\" rel=\"4c3d5e932bcfc28d37a5af8b61c5dfa9\"           ><img title=\"bicycle-race-778043\"\n                 alt=\"bicycle-race-778043\"\n                 src=\"https:\/\/albcycling.al\/wp-content\/gallery\/galeria\/thumbs\/thumbs_bicycle-race-778043.jpg\"\n                 width=\"180\"\n                 height=\"120\"\n            \/><\/a>\n            <a href=\"https:\/\/albcycling.al\/wp-content\/gallery\/galeria\/tourd-e-nez-start.jpg\"\n           title=\" \"\n           data-image-id='34'\n           class=\"ngg-fancybox\" rel=\"4c3d5e932bcfc28d37a5af8b61c5dfa9\"           ><img title=\"tourd-e-nez-start\"\n                 alt=\"tourd-e-nez-start\"\n                 src=\"https:\/\/albcycling.al\/wp-content\/gallery\/galeria\/thumbs\/thumbs_tourd-e-nez-start.jpg\"\n                 width=\"180\"\n                 height=\"120\"\n            \/><\/a>\n            <a href=\"https:\/\/albcycling.al\/wp-content\/gallery\/galeria\/bikerace-480.jpg\"\n           title=\" \"\n           data-image-id='33'\n           class=\"ngg-fancybox\" rel=\"4c3d5e932bcfc28d37a5af8b61c5dfa9\"           ><img title=\"bikerace-480\"\n                 alt=\"bikerace-480\"\n                 src=\"https:\/\/albcycling.al\/wp-content\/gallery\/galeria\/thumbs\/thumbs_bikerace-480.jpg\"\n                 width=\"180\"\n                 height=\"120\"\n            \/><\/a>\n            <a href=\"https:\/\/albcycling.al\/wp-content\/gallery\/galeria\/amgen-bike-race-walnut-creek-2012.jpg\"\n           title=\" \"\n           data-image-id='31'\n           class=\"ngg-fancybox\" rel=\"4c3d5e932bcfc28d37a5af8b61c5dfa9\"           ><img title=\"amgen-bike-race-walnut-creek-2012\"\n                 alt=\"amgen-bike-race-walnut-creek-2012\"\n                 src=\"https:\/\/albcycling.al\/wp-content\/gallery\/galeria\/thumbs\/thumbs_amgen-bike-race-walnut-creek-2012.jpg\"\n                 width=\"180\"\n                 height=\"120\"\n            \/><\/a>\n            <a href=\"https:\/\/albcycling.al\/wp-content\/gallery\/galeria\/t03_24351971.jpg\"\n           title=\" \"\n           data-image-id='29'\n           class=\"ngg-fancybox\" rel=\"4c3d5e932bcfc28d37a5af8b61c5dfa9\"           ><img title=\"t03_24351971\"\n                 alt=\"t03_24351971\"\n                 src=\"https:\/\/albcycling.al\/wp-content\/gallery\/galeria\/thumbs\/thumbs_t03_24351971.jpg\"\n                 width=\"180\"\n                 height=\"120\"\n            \/><\/a>\n            <a href=\"https:\/\/albcycling.al\/wp-content\/gallery\/galeria\/130628145522-tour-26-story-top.jpg\"\n           title=\" \"\n           data-image-id='28'\n           class=\"ngg-fancybox\" rel=\"4c3d5e932bcfc28d37a5af8b61c5dfa9\"           ><img title=\"130628145522-tour-26-story-top\"\n                 alt=\"130628145522-tour-26-story-top\"\n                 src=\"https:\/\/albcycling.al\/wp-content\/gallery\/galeria\/thumbs\/thumbs_130628145522-tour-26-story-top.jpg\"\n                 width=\"180\"\n                 height=\"120\"\n            \/><\/a>\n    <\/div>\n\n<\/div><\/div><div class=\"fusion-additional-widget-content\"><\/div><\/div><div class=\"fusion-clearfix\"><\/div><\/div><\/div><\/div><\/div><\/p>\n","protected":false},"excerpt":{"rendered":"","protected":false},"author":1,"featured_media":0,"parent":0,"menu_order":0,"comment_status":"closed","ping_status":"closed","template":"","meta":{"ngg_post_thumbnail":0},"acf":[],"_links":{"self":[{"href":"https:\/\/albcycling.al\/index.php?rest_route=\/wp\/v2\/pages\/1363"}],"collection":[{"href":"https:\/\/albcycling.al\/index.php?rest_route=\/wp\/v2\/pages"}],"about":[{"href":"https:\/\/albcycling.al\/index.php?rest_route=\/wp\/v2\/types\/page"}],"author":[{"embeddable":true,"href":"https:\/\/albcycling.al\/index.php?rest_route=\/wp\/v2\/users\/1"}],"replies":[{"embeddable":true,"href":"https:\/\/albcycling.al\/index.php?rest_route=%2Fwp%2Fv2%2Fcomments&post=1363"}],"version-history":[{"count":8,"href":"https:\/\/albcycling.al\/index.php?rest_route=\/wp\/v2\/pages\/1363\/revisions"}],"predecessor-version":[{"id":1463,"href":"https:\/\/albcycling.al\/index.php?rest_route=\/wp\/v2\/pages\/1363\/revisions\/1463"}],"wp:attachment":[{"href":"https:\/\/albcycling.al\/index.php?rest_route=%2Fwp%2Fv2%2Fmedia&parent=1363"}],"curies":[{"name":"wp","href":"https:\/\/api.w.org\/{rel}","templated":true}]}}