{"id":1356,"date":"2017-03-16T09:08:34","date_gmt":"2017-03-16T08:08:34","guid":{"rendered":"http:\/\/albcycling.al\/?page_id=1356"},"modified":"2017-04-29T19:29:48","modified_gmt":"2017-04-29T18:29:48","slug":"blog","status":"publish","type":"page","link":"https:\/\/albcycling.al\/?page_id=1356","title":{"rendered":"Blog"},"content":{"rendered":"<div class=\"fusion-fullwidth fullwidth-box fusion-builder-row-1 nonhundred-percent-fullwidth non-hundred-percent-height-scrolling\" style=\"--awb-border-radius-top-left:0px;--awb-border-radius-top-right:0px;--awb-border-radius-bottom-right:0px;--awb-border-radius-bottom-left:0px;\" ><div class=\"fusion-builder-row fusion-row\"><div class=\"fusion-layout-column fusion_builder_column fusion-builder-column-0 fusion_builder_column_2_3 2_3 fusion-two-third fusion-column-first\" style=\"--awb-bg-size:cover;width:66.666666666667%;width:calc(66.666666666667% - ( ( 4% ) * 0.66666666666667 ) );margin-right: 4%;\"><div class=\"fusion-column-wrapper fusion-flex-column-wrapper-legacy\"><div class=\"fusion-blog-shortcode fusion-blog-shortcode-1 fusion-blog-archive fusion-blog-layout-medium fusion-blog-infinite\"><div class=\"fusion-posts-container fusion-posts-container-infinite fusion-posts-container-load-more fusion-no-meta-info fusion-blog-rollover\" data-pages=\"4\"><article id=\"blog-1-post-1958\" class=\"fusion-post-medium post-1958 post type-post status-publish format-standard has-post-thumbnail hentry category-blog category-turi-i-75-i-shqiperise\">\n\t<style type=\"text\/css\">\n\t\t\n\t\t\n\t\t\n\t\t\n\t\t\t<\/style>\n\n\n\t\t\t<div class=\"fusion-flexslider flexslider fusion-flexslider-loading fusion-post-slideshow\" style=\"\">\n\t\t<ul class=\"slides\">\n\t\t\t\n\t\t\t\t\t\t\t\t\t\t\t\t\t\t<li><div  class=\"fusion-image-wrapper fusion-image-size-fixed\" aria-haspopup=\"true\">\n\t\t\t\t<img width=\"320\" height=\"202\" src=\"https:\/\/albcycling.al\/wp-content\/uploads\/2017\/04\/tour-of-albania-logo-320x202.jpg\" class=\"attachment-blog-medium size-blog-medium wp-post-image\" alt=\"\" decoding=\"async\" srcset=\"https:\/\/albcycling.al\/wp-content\/uploads\/2017\/04\/tour-of-albania-logo-320x202.jpg 320w, https:\/\/albcycling.al\/wp-content\/uploads\/2017\/04\/tour-of-albania-logo-700x441.jpg 700w\" sizes=\"(max-width: 320px) 100vw, 320px\" \/><div class=\"fusion-rollover\">\n\t<div class=\"fusion-rollover-content\">\n\n\t\t\t\t\t\t\t\t\t\t\t\t\t\t<a class=\"fusion-rollover-link\" href=\"https:\/\/albcycling.al\/?p=1958\">Rezultatet e Faz\u00ebs s\u00eb pest\u00eb t\u00eb Turit t\u00eb 75-t\u00eb t\u00eb Shqip\u00ebris\u00eb<\/a>\n\t\t\t\n\t\t\t\t\t\t\t\t\n\t\t\n\t\t\t\t\t\t\t\t\n\t\t\t\t\t\t\t\t\n\t\t\n\t\t\t\t\t\t<a class=\"fusion-link-wrapper\" href=\"https:\/\/albcycling.al\/?p=1958\" aria-label=\"Rezultatet e Faz\u00ebs s\u00eb pest\u00eb t\u00eb Turit t\u00eb 75-t\u00eb t\u00eb Shqip\u00ebris\u00eb\"><\/a>\n\t<\/div>\n<\/div>\n<\/div>\n<\/li>\n\t\t\t\n\t\t\t\n\t\t\t\t\t\t\t\t\t\t\t\t\t\t\t\t\t\t\t\t\t\t\t\t\t\t\t\t\t\t\t\t\t\t\t\t\t\t\t\t\t\t\t\t\t\t\t\t\t\t\t\t\t\t\t\t\t\t\t\t\t\t\t\t\t\t\t\t<\/ul>\n\t<\/div>\n\t<div class=\"fusion-post-content post-content\"><h2 class=\"blog-shortcode-post-title entry-title\"><a href=\"https:\/\/albcycling.al\/?p=1958\">Rezultatet e Faz\u00ebs s\u00eb pest\u00eb t\u00eb Turit t\u00eb 75-t\u00eb t\u00eb Shqip\u00ebris\u00eb<\/a><\/h2><div class=\"fusion-post-content-container\"><p>           <\/p><\/div><\/div><div class=\"fusion-clearfix\"><\/div><\/article>\n<article id=\"blog-1-post-1949\" class=\"fusion-post-medium post-1949 post type-post status-publish format-standard has-post-thumbnail hentry category-blog category-turi-i-75-i-shqiperise\">\n\t<style type=\"text\/css\">\n\t\t\n\t\t\n\t\t\n\t\t\n\t\t\t<\/style>\n\n\n\t\t\t<div class=\"fusion-flexslider flexslider fusion-flexslider-loading fusion-post-slideshow\" style=\"\">\n\t\t<ul class=\"slides\">\n\t\t\t\n\t\t\t\t\t\t\t\t\t\t\t\t\t\t<li><div  class=\"fusion-image-wrapper fusion-image-size-fixed\" aria-haspopup=\"true\">\n\t\t\t\t<img width=\"320\" height=\"202\" src=\"https:\/\/albcycling.al\/wp-content\/uploads\/2017\/04\/tour-of-albania-logo-320x202.jpg\" class=\"attachment-blog-medium size-blog-medium wp-post-image\" alt=\"\" decoding=\"async\" srcset=\"https:\/\/albcycling.al\/wp-content\/uploads\/2017\/04\/tour-of-albania-logo-320x202.jpg 320w, https:\/\/albcycling.al\/wp-content\/uploads\/2017\/04\/tour-of-albania-logo-700x441.jpg 700w\" sizes=\"(max-width: 320px) 100vw, 320px\" \/><div class=\"fusion-rollover\">\n\t<div class=\"fusion-rollover-content\">\n\n\t\t\t\t\t\t\t\t\t\t\t\t\t\t<a class=\"fusion-rollover-link\" href=\"https:\/\/albcycling.al\/?p=1949\">Rezultatet e Faz\u00ebs s\u00eb kat\u00ebrt t\u00eb Turit t\u00eb 75-t\u00eb t\u00eb Shqip\u00ebris\u00eb<\/a>\n\t\t\t\n\t\t\t\t\t\t\t\t\n\t\t\n\t\t\t\t\t\t\t\t\n\t\t\t\t\t\t\t\t\n\t\t\n\t\t\t\t\t\t<a class=\"fusion-link-wrapper\" href=\"https:\/\/albcycling.al\/?p=1949\" aria-label=\"Rezultatet e Faz\u00ebs s\u00eb kat\u00ebrt t\u00eb Turit t\u00eb 75-t\u00eb t\u00eb Shqip\u00ebris\u00eb\"><\/a>\n\t<\/div>\n<\/div>\n<\/div>\n<\/li>\n\t\t\t\n\t\t\t\n\t\t\t\t\t\t\t\t\t\t\t\t\t\t\t\t\t\t\t\t\t\t\t\t\t\t\t\t\t\t\t\t\t\t\t\t\t\t\t\t\t\t\t\t\t\t\t\t\t\t\t\t\t\t\t\t\t\t\t\t\t\t\t\t\t\t\t\t<\/ul>\n\t<\/div>\n\t<div class=\"fusion-post-content post-content\"><h2 class=\"blog-shortcode-post-title entry-title\"><a href=\"https:\/\/albcycling.al\/?p=1949\">Rezultatet e Faz\u00ebs s\u00eb kat\u00ebrt t\u00eb Turit t\u00eb 75-t\u00eb t\u00eb Shqip\u00ebris\u00eb<\/a><\/h2><div class=\"fusion-post-content-container\"><p>             <\/p><\/div><\/div><div class=\"fusion-clearfix\"><\/div><\/article>\n<article id=\"blog-1-post-1938\" class=\"fusion-post-medium post-1938 post type-post status-publish format-standard has-post-thumbnail hentry category-blog category-turi-i-75-i-shqiperise\">\n\t<style type=\"text\/css\">\n\t\t\n\t\t\n\t\t\n\t\t\n\t\t\t<\/style>\n\n\n\t\t\t<div class=\"fusion-flexslider flexslider fusion-flexslider-loading fusion-post-slideshow\" style=\"\">\n\t\t<ul class=\"slides\">\n\t\t\t\n\t\t\t\t\t\t\t\t\t\t\t\t\t\t<li><div  class=\"fusion-image-wrapper fusion-image-size-fixed\" aria-haspopup=\"true\">\n\t\t\t\t<img width=\"320\" height=\"202\" src=\"https:\/\/albcycling.al\/wp-content\/uploads\/2017\/04\/tour-of-albania-logo-320x202.jpg\" class=\"attachment-blog-medium size-blog-medium wp-post-image\" alt=\"\" decoding=\"async\" srcset=\"https:\/\/albcycling.al\/wp-content\/uploads\/2017\/04\/tour-of-albania-logo-320x202.jpg 320w, https:\/\/albcycling.al\/wp-content\/uploads\/2017\/04\/tour-of-albania-logo-700x441.jpg 700w\" sizes=\"(max-width: 320px) 100vw, 320px\" \/><div class=\"fusion-rollover\">\n\t<div class=\"fusion-rollover-content\">\n\n\t\t\t\t\t\t\t\t\t\t\t\t\t\t<a class=\"fusion-rollover-link\" href=\"https:\/\/albcycling.al\/?p=1938\">Rezultatet e Faz\u00ebs s\u00eb tret\u00eb t\u00eb Turit t\u00eb 75-t\u00eb t\u00eb Shqip\u00ebris\u00eb<\/a>\n\t\t\t\n\t\t\t\t\t\t\t\t\n\t\t\n\t\t\t\t\t\t\t\t\n\t\t\t\t\t\t\t\t\n\t\t\n\t\t\t\t\t\t<a class=\"fusion-link-wrapper\" href=\"https:\/\/albcycling.al\/?p=1938\" aria-label=\"Rezultatet e Faz\u00ebs s\u00eb tret\u00eb t\u00eb Turit t\u00eb 75-t\u00eb t\u00eb Shqip\u00ebris\u00eb\"><\/a>\n\t<\/div>\n<\/div>\n<\/div>\n<\/li>\n\t\t\t\n\t\t\t\n\t\t\t\t\t\t\t\t\t\t\t\t\t\t\t\t\t\t\t\t\t\t\t\t\t\t\t\t\t\t\t\t\t\t\t\t\t\t\t\t\t\t\t\t\t\t\t\t\t\t\t\t\t\t\t\t\t\t\t\t\t\t\t\t\t\t\t\t<\/ul>\n\t<\/div>\n\t<div class=\"fusion-post-content post-content\"><h2 class=\"blog-shortcode-post-title entry-title\"><a href=\"https:\/\/albcycling.al\/?p=1938\">Rezultatet e Faz\u00ebs s\u00eb tret\u00eb t\u00eb Turit t\u00eb 75-t\u00eb t\u00eb Shqip\u00ebris\u00eb<\/a><\/h2><div class=\"fusion-post-content-container\"><p>               <\/p><\/div><\/div><div class=\"fusion-clearfix\"><\/div><\/article>\n<article id=\"blog-1-post-1928\" class=\"fusion-post-medium post-1928 post type-post status-publish format-standard has-post-thumbnail hentry category-blog category-turi-i-75-i-shqiperise\">\n\t<style type=\"text\/css\">\n\t\t\n\t\t\n\t\t\n\t\t\n\t\t\t<\/style>\n\n\n\t\t\t<div class=\"fusion-flexslider flexslider fusion-flexslider-loading fusion-post-slideshow\" style=\"\">\n\t\t<ul class=\"slides\">\n\t\t\t\n\t\t\t\t\t\t\t\t\t\t\t\t\t\t<li><div  class=\"fusion-image-wrapper fusion-image-size-fixed\" aria-haspopup=\"true\">\n\t\t\t\t<img width=\"320\" height=\"202\" src=\"https:\/\/albcycling.al\/wp-content\/uploads\/2017\/04\/tour-of-albania-logo-320x202.jpg\" class=\"attachment-blog-medium size-blog-medium wp-post-image\" alt=\"\" decoding=\"async\" srcset=\"https:\/\/albcycling.al\/wp-content\/uploads\/2017\/04\/tour-of-albania-logo-320x202.jpg 320w, https:\/\/albcycling.al\/wp-content\/uploads\/2017\/04\/tour-of-albania-logo-700x441.jpg 700w\" sizes=\"(max-width: 320px) 100vw, 320px\" \/><div class=\"fusion-rollover\">\n\t<div class=\"fusion-rollover-content\">\n\n\t\t\t\t\t\t\t\t\t\t\t\t\t\t<a class=\"fusion-rollover-link\" href=\"https:\/\/albcycling.al\/?p=1928\">Rezultatet e Faz\u00ebs s\u00eb dyt\u00eb t\u00eb Turit t\u00eb 75-t\u00eb t\u00eb Shqip\u00ebris\u00eb<\/a>\n\t\t\t\n\t\t\t\t\t\t\t\t\n\t\t\n\t\t\t\t\t\t\t\t\n\t\t\t\t\t\t\t\t\n\t\t\n\t\t\t\t\t\t<a class=\"fusion-link-wrapper\" href=\"https:\/\/albcycling.al\/?p=1928\" aria-label=\"Rezultatet e Faz\u00ebs s\u00eb dyt\u00eb t\u00eb Turit t\u00eb 75-t\u00eb t\u00eb Shqip\u00ebris\u00eb\"><\/a>\n\t<\/div>\n<\/div>\n<\/div>\n<\/li>\n\t\t\t\n\t\t\t\n\t\t\t\t\t\t\t\t\t\t\t\t\t\t\t\t\t\t\t\t\t\t\t\t\t\t\t\t\t\t\t\t\t\t\t\t\t\t\t\t\t\t\t\t\t\t\t\t\t\t\t\t\t\t\t\t\t\t\t\t\t\t\t\t\t\t\t\t<\/ul>\n\t<\/div>\n\t<div class=\"fusion-post-content post-content\"><h2 class=\"blog-shortcode-post-title entry-title\"><a href=\"https:\/\/albcycling.al\/?p=1928\">Rezultatet e Faz\u00ebs s\u00eb dyt\u00eb t\u00eb Turit t\u00eb 75-t\u00eb t\u00eb Shqip\u00ebris\u00eb<\/a><\/h2><div class=\"fusion-post-content-container\"><p>               <\/p><\/div><\/div><div class=\"fusion-clearfix\"><\/div><\/article>\n<article id=\"blog-1-post-1916\" class=\"fusion-post-medium post-1916 post type-post status-publish format-standard has-post-thumbnail hentry category-blog category-turi-i-75-i-shqiperise\">\n\t<style type=\"text\/css\">\n\t\t\n\t\t\n\t\t\n\t\t\n\t\t\t<\/style>\n\n\n\t\t\t<div class=\"fusion-flexslider flexslider fusion-flexslider-loading fusion-post-slideshow\" style=\"\">\n\t\t<ul class=\"slides\">\n\t\t\t\n\t\t\t\t\t\t\t\t\t\t\t\t\t\t<li><div  class=\"fusion-image-wrapper fusion-image-size-fixed\" aria-haspopup=\"true\">\n\t\t\t\t<img width=\"320\" height=\"202\" src=\"https:\/\/albcycling.al\/wp-content\/uploads\/2017\/04\/tour-of-albania-logo-320x202.jpg\" class=\"attachment-blog-medium size-blog-medium wp-post-image\" alt=\"\" decoding=\"async\" srcset=\"https:\/\/albcycling.al\/wp-content\/uploads\/2017\/04\/tour-of-albania-logo-320x202.jpg 320w, https:\/\/albcycling.al\/wp-content\/uploads\/2017\/04\/tour-of-albania-logo-700x441.jpg 700w\" sizes=\"(max-width: 320px) 100vw, 320px\" \/><div class=\"fusion-rollover\">\n\t<div class=\"fusion-rollover-content\">\n\n\t\t\t\t\t\t\t\t\t\t\t\t\t\t<a class=\"fusion-rollover-link\" href=\"https:\/\/albcycling.al\/?p=1916\">Rezultatet e Faz\u00ebs s\u00eb par\u00eb t\u00eb Turit t\u00eb 75-t\u00eb t\u00eb Shqip\u00ebris\u00eb<\/a>\n\t\t\t\n\t\t\t\t\t\t\t\t\n\t\t\n\t\t\t\t\t\t\t\t\n\t\t\t\t\t\t\t\t\n\t\t\n\t\t\t\t\t\t<a class=\"fusion-link-wrapper\" href=\"https:\/\/albcycling.al\/?p=1916\" aria-label=\"Rezultatet e Faz\u00ebs s\u00eb par\u00eb t\u00eb Turit t\u00eb 75-t\u00eb t\u00eb Shqip\u00ebris\u00eb\"><\/a>\n\t<\/div>\n<\/div>\n<\/div>\n<\/li>\n\t\t\t\n\t\t\t\n\t\t\t\t\t\t\t\t\t\t\t\t\t\t\t\t\t\t\t\t\t\t\t\t\t\t\t\t\t\t\t\t\t\t\t\t\t\t\t\t\t\t\t\t\t\t\t\t\t\t\t\t\t\t\t\t\t\t\t\t\t\t\t\t\t\t\t\t<\/ul>\n\t<\/div>\n\t<div class=\"fusion-post-content post-content\"><h2 class=\"blog-shortcode-post-title entry-title\"><a href=\"https:\/\/albcycling.al\/?p=1916\">Rezultatet e Faz\u00ebs s\u00eb par\u00eb t\u00eb Turit t\u00eb 75-t\u00eb t\u00eb Shqip\u00ebris\u00eb<\/a><\/h2><div class=\"fusion-post-content-container\"><p>               <\/p><\/div><\/div><div class=\"fusion-clearfix\"><\/div><\/article>\n<article id=\"blog-1-post-1907\" class=\"fusion-post-medium post-1907 post type-post status-publish format-standard has-post-thumbnail hentry category-blog category-turi-i-75-i-shqiperise\">\n\t<style type=\"text\/css\">\n\t\t\n\t\t\n\t\t\n\t\t\n\t\t\t<\/style>\n\n\n\t\t\t<div class=\"fusion-flexslider flexslider fusion-flexslider-loading fusion-post-slideshow\" style=\"\">\n\t\t<ul class=\"slides\">\n\t\t\t\n\t\t\t\t\t\t\t\t\t\t\t\t\t\t<li><div  class=\"fusion-image-wrapper fusion-image-size-fixed\" aria-haspopup=\"true\">\n\t\t\t\t<img width=\"320\" height=\"202\" src=\"https:\/\/albcycling.al\/wp-content\/uploads\/2017\/04\/tour-of-albania-logo-320x202.jpg\" class=\"attachment-blog-medium size-blog-medium wp-post-image\" alt=\"\" decoding=\"async\" srcset=\"https:\/\/albcycling.al\/wp-content\/uploads\/2017\/04\/tour-of-albania-logo-320x202.jpg 320w, https:\/\/albcycling.al\/wp-content\/uploads\/2017\/04\/tour-of-albania-logo-700x441.jpg 700w\" sizes=\"(max-width: 320px) 100vw, 320px\" \/><div class=\"fusion-rollover\">\n\t<div class=\"fusion-rollover-content\">\n\n\t\t\t\t\t\t\t\t\t\t\t\t\t\t<a class=\"fusion-rollover-link\" href=\"https:\/\/albcycling.al\/?p=1907\">Statistikat e Pjes\u00ebmarr\u00ebsve n\u00eb Turin e 75-t\u00eb t\u00eb Shqip\u00ebris\u00eb<\/a>\n\t\t\t\n\t\t\t\t\t\t\t\t\n\t\t\n\t\t\t\t\t\t\t\t\n\t\t\t\t\t\t\t\t\n\t\t\n\t\t\t\t\t\t<a class=\"fusion-link-wrapper\" href=\"https:\/\/albcycling.al\/?p=1907\" aria-label=\"Statistikat e Pjes\u00ebmarr\u00ebsve n\u00eb Turin e 75-t\u00eb t\u00eb Shqip\u00ebris\u00eb\"><\/a>\n\t<\/div>\n<\/div>\n<\/div>\n<\/li>\n\t\t\t\n\t\t\t\n\t\t\t\t\t\t\t\t\t\t\t\t\t\t\t\t\t\t\t\t\t\t\t\t\t\t\t\t\t\t\t\t\t\t\t\t\t\t\t\t\t\t\t\t\t\t\t\t\t\t\t\t\t\t\t\t\t\t\t\t\t\t\t\t\t\t\t\t<\/ul>\n\t<\/div>\n\t<div class=\"fusion-post-content post-content\"><h2 class=\"blog-shortcode-post-title entry-title\"><a href=\"https:\/\/albcycling.al\/?p=1907\">Statistikat e Pjes\u00ebmarr\u00ebsve n\u00eb Turin e 75-t\u00eb t\u00eb Shqip\u00ebris\u00eb<\/a><\/h2><div class=\"fusion-post-content-container\"><p>             <\/p><\/div><\/div><div class=\"fusion-clearfix\"><\/div><\/article>\n<article id=\"blog-1-post-1855\" class=\"fusion-post-medium post-1855 post type-post status-publish format-standard has-post-thumbnail hentry category-blog category-turi-i-75-i-shqiperise\">\n\t<style type=\"text\/css\">\n\t\t\n\t\t\n\t\t\n\t\t\n\t\t\t<\/style>\n\n\n\t\t\t<div class=\"fusion-flexslider flexslider fusion-flexslider-loading fusion-post-slideshow\" style=\"\">\n\t\t<ul class=\"slides\">\n\t\t\t\n\t\t\t\t\t\t\t\t\t\t\t\t\t\t<li><div  class=\"fusion-image-wrapper fusion-image-size-fixed\" aria-haspopup=\"true\">\n\t\t\t\t<img width=\"320\" height=\"202\" src=\"https:\/\/albcycling.al\/wp-content\/uploads\/2015\/06\/tour-of-albania-logo-small-320x202.png\" class=\"attachment-blog-medium size-blog-medium wp-post-image\" alt=\"\" decoding=\"async\" \/><div class=\"fusion-rollover\">\n\t<div class=\"fusion-rollover-content\">\n\n\t\t\t\t\t\t\t\t\t\t\t\t\t\t<a class=\"fusion-rollover-link\" href=\"https:\/\/albcycling.al\/?p=1855\">Prezantim i Turit t\u00eb 75-t\u00eb t\u00eb Shqip\u00ebris\u00eb<\/a>\n\t\t\t\n\t\t\t\t\t\t\t\t\n\t\t\n\t\t\t\t\t\t\t\t\n\t\t\t\t\t\t\t\t\n\t\t\n\t\t\t\t\t\t<a class=\"fusion-link-wrapper\" href=\"https:\/\/albcycling.al\/?p=1855\" aria-label=\"Prezantim i Turit t\u00eb 75-t\u00eb t\u00eb Shqip\u00ebris\u00eb\"><\/a>\n\t<\/div>\n<\/div>\n<\/div>\n<\/li>\n\t\t\t\n\t\t\t\n\t\t\t\t\t\t\t\t\t\t\t\t\t\t\t\t\t\t\t\t\t\t\t\t\t\t\t\t\t\t\t\t\t\t\t\t\t\t\t\t\t\t\t\t\t\t\t\t\t\t\t\t\t\t\t\t\t\t\t\t\t\t\t\t\t\t\t\t<\/ul>\n\t<\/div>\n\t<div class=\"fusion-post-content post-content\"><h2 class=\"blog-shortcode-post-title entry-title\"><a href=\"https:\/\/albcycling.al\/?p=1855\">Prezantim i Turit t\u00eb 75-t\u00eb t\u00eb Shqip\u00ebris\u00eb<\/a><\/h2><div class=\"fusion-post-content-container\"><p>                                   <a href=\"https:\/\/albcycling.al\/?p=1855\">[...]<\/a><\/p><\/div><\/div><div class=\"fusion-clearfix\"><\/div><\/article>\n<\/div><div class=\"fusion-infinite-scroll-trigger\"><\/div><div class=\"pagination infinite-scroll clearfix\" style=\"display:none;\"><span class=\"current\">1<\/span><a href=\"https:\/\/albcycling.al\/index.php?rest_route=%2Fwp%2Fv2%2Fpages%2F1356&#038;paged=2\" class=\"inactive\">2<\/a><a class=\"pagination-next\" rel=\"next\" href=\"https:\/\/albcycling.al\/index.php?rest_route=%2Fwp%2Fv2%2Fpages%2F1356&#038;paged=2\"><span class=\"page-text\">Next<\/span><span class=\"page-next\"><\/span><\/a><\/div><div class=\"fusion-clearfix\"><\/div><button class=\"fusion-load-more-button fusion-blog-button fusion-clearfix\">Load More Posts<\/button><\/div><div class=\"fusion-clearfix\"><\/div><\/div><\/div><div class=\"fusion-layout-column fusion_builder_column fusion-builder-column-1 fusion_builder_column_1_3 1_3 fusion-one-third fusion-column-last\" style=\"--awb-bg-size:cover;width:33.333333333333%;width:calc(33.333333333333% - ( ( 4% ) * 0.33333333333333 ) );\"><div class=\"fusion-column-wrapper fusion-flex-column-wrapper-legacy\"><div class=\"fusion-widget-area awb-widget-area-element fusion-widget-area-1 fusion-content-widget-area\" style=\"--awb-title-size:18px;--awb-title-color:#333333;\"><div id=\"sfsi-widget-2\" class=\"widget sfsi\"><div class=\"heading\"><h4 class=\"widget-title\">Na ndiqni n\u00eb:<\/h4><\/div>\t\t<div class=\"sfsi_widget\" data-position=\"widget\" style=\"display:flex;flex-wrap:wrap;justify-content: left\">\n\t\t\t<div id='sfsi_wDiv'><\/div>\n\t\t\t<div class=\"norm_row sfsi_wDiv \"  style=\"width:225px;position:absolute;;text-align:left\"><div style='width:40px; height:40px;margin-left:5px;margin-bottom:5px; ' class='sfsi_wicons shuffeldiv ' ><div class='inerCnt'><a class=' sficn' data-effect='fade_in' target='_blank'  href='http:\/\/www.specificfeeds.com\/widgets\/emailSubscribeEncFeed\/MVp5LytKU2hINFhNU0lMTW8xK1k2bERoR2lxZUp6S2tJTEhkWDQ4eHNRSkVWaUdNZFYzTGkxc1FiSTBVYVFOV0Zvam9jM0ZpNk5QUU9LUE4yRWYvaWUvMnNjb2owRVJkNVJ3ZlBhMlhEa2FMSGN6a1h4L2s5QWlqK21NZTRTOWF8ejZOQlAra3dDZ1h1VnFVdmZPTFFXMjZSOEpldGc4QVJ3WGRSN1gvR0FjWT0=\/OA==\/' id='sfsiid_email_icon' style='width:40px;height:40px;opacity:0.6;background:#343D44;'  ><img data-pin-nopin='true' alt='Follow by Email' title='Follow by Email' src='https:\/\/albcycling.al\/wp-content\/plugins\/ultimate-social-media-icons\/images\/icons_theme\/flat\/flat_email.png' width='40' height='40' style='' class='sfcm sfsi_wicon ' data-effect='fade_in'   \/><\/a><\/div><\/div><div style='width:40px; height:40px;margin-left:5px;margin-bottom:5px; ' class='sfsi_wicons shuffeldiv ' ><div class='inerCnt'><a class=' sficn' data-effect='fade_in' target='_blank'  href='#' id='sfsiid_facebook_icon' style='width:40px;height:40px;opacity:0.6;background:#336699;'  ><img data-pin-nopin='true' alt='Facebook' title='Facebook' src='https:\/\/albcycling.al\/wp-content\/plugins\/ultimate-social-media-icons\/images\/icons_theme\/flat\/flat_facebook.png' width='40' height='40' style='' class='sfcm sfsi_wicon ' data-effect='fade_in'   \/><\/a><\/div><\/div><div style='width:40px; height:40px;margin-left:5px;margin-bottom:5px; ' class='sfsi_wicons shuffeldiv ' ><div class='inerCnt'><a class=' sficn' data-effect='fade_in' target='_blank'  href='#' id='sfsiid_youtube_icon' style='width:40px;height:40px;opacity:0.6;background:#c33;'  ><img data-pin-nopin='true' alt='YouTube' title='YouTube' src='https:\/\/albcycling.al\/wp-content\/plugins\/ultimate-social-media-icons\/images\/icons_theme\/flat\/flat_youtube.png' width='40' height='40' style='' class='sfcm sfsi_wicon ' data-effect='fade_in'   \/><\/a><\/div><\/div><\/div ><div id=\"sfsi_holder\" class=\"sfsi_holders\" style=\"position: relative; float: left;width:100%;z-index:-1;\"><\/div ><script>window.addEventListener(\"sfsi_functions_loaded\", function()\n\t\t\t{\n\t\t\t\tif (typeof sfsi_widget_set == \"function\") {\n\t\t\t\t\tsfsi_widget_set();\n\t\t\t\t}\n\t\t\t}); <\/script>\t\t\t<div style=\"clear: both;\"><\/div>\n\t\t<\/div>\n\t<\/div><div id=\"text-4\" class=\"widget widget_text\">\t\t\t<div class=\"textwidget\"><div class=\"fusion-image-element fusion-image-align-center in-legacy-container\" style=\"text-align:center;--awb-caption-title-size:var(--h2_typography-font-size);--awb-caption-title-transform:var(--h2_typography-text-transform);--awb-caption-title-line-height:var(--h2_typography-line-height);--awb-caption-title-letter-spacing:var(--h2_typography-letter-spacing);\"><div class=\"imageframe-align-center\"><span class=\" fusion-imageframe imageframe-none imageframe-1 hover-type-zoomin\" style=\"border:1px solid #000000;\"><a class=\"fusion-no-lightbox\" href=\"https:\/\/albcycling.al\/turi-i-74-i-shqiperise\/\" target=\"_self\" aria-label=\"tour-of-albania-logo-small\" rel=\"noopener\"><img decoding=\"async\" width=\"572\" height=\"405\" src=\"http:\/\/albcycling.al\/wp-content\/uploads\/2015\/06\/tour-of-albania-logo-small.png\" alt class=\"img-responsive wp-image-1628\" srcset=\"https:\/\/albcycling.al\/wp-content\/uploads\/2015\/06\/tour-of-albania-logo-small-200x142.png 200w, https:\/\/albcycling.al\/wp-content\/uploads\/2015\/06\/tour-of-albania-logo-small-400x283.png 400w, https:\/\/albcycling.al\/wp-content\/uploads\/2015\/06\/tour-of-albania-logo-small.png 572w\" sizes=\"(max-width: 800px) 100vw, 572px\" \/><\/a><\/span><\/div><\/div><\/div>\n\t\t<\/div><div id=\"ngg-images-2\" class=\"widget ngg_images\"><div class=\"hslice\" id=\"ngg-webslice\"><div class=\"entry-title heading\"><h4 class=\"entry-title widget-title\">Nga aktiviteti m\u00eb i fundit:<\/h4><\/div><div class=\"ngg-widget entry-content\">\n            <a href=\"https:\/\/albcycling.al\/wp-content\/gallery\/galeria\/bicycle-race-778043.jpg\"\n           title=\" \"\n           data-image-id='35'\n           class=\"ngg-fancybox\" rel=\"4c3d5e932bcfc28d37a5af8b61c5dfa9\"           ><img title=\"bicycle-race-778043\"\n                 alt=\"bicycle-race-778043\"\n                 src=\"https:\/\/albcycling.al\/wp-content\/gallery\/galeria\/thumbs\/thumbs_bicycle-race-778043.jpg\"\n                 width=\"180\"\n                 height=\"120\"\n            \/><\/a>\n            <a href=\"https:\/\/albcycling.al\/wp-content\/gallery\/galeria\/tourd-e-nez-start.jpg\"\n           title=\" \"\n           data-image-id='34'\n           class=\"ngg-fancybox\" rel=\"4c3d5e932bcfc28d37a5af8b61c5dfa9\"           ><img title=\"tourd-e-nez-start\"\n                 alt=\"tourd-e-nez-start\"\n                 src=\"https:\/\/albcycling.al\/wp-content\/gallery\/galeria\/thumbs\/thumbs_tourd-e-nez-start.jpg\"\n                 width=\"180\"\n                 height=\"120\"\n            \/><\/a>\n            <a href=\"https:\/\/albcycling.al\/wp-content\/gallery\/galeria\/bikerace-480.jpg\"\n           title=\" \"\n           data-image-id='33'\n           class=\"ngg-fancybox\" rel=\"4c3d5e932bcfc28d37a5af8b61c5dfa9\"           ><img title=\"bikerace-480\"\n                 alt=\"bikerace-480\"\n                 src=\"https:\/\/albcycling.al\/wp-content\/gallery\/galeria\/thumbs\/thumbs_bikerace-480.jpg\"\n                 width=\"180\"\n                 height=\"120\"\n            \/><\/a>\n            <a href=\"https:\/\/albcycling.al\/wp-content\/gallery\/galeria\/amgen-bike-race-walnut-creek-2012.jpg\"\n           title=\" \"\n           data-image-id='31'\n           class=\"ngg-fancybox\" rel=\"4c3d5e932bcfc28d37a5af8b61c5dfa9\"           ><img title=\"amgen-bike-race-walnut-creek-2012\"\n                 alt=\"amgen-bike-race-walnut-creek-2012\"\n                 src=\"https:\/\/albcycling.al\/wp-content\/gallery\/galeria\/thumbs\/thumbs_amgen-bike-race-walnut-creek-2012.jpg\"\n                 width=\"180\"\n                 height=\"120\"\n            \/><\/a>\n            <a href=\"https:\/\/albcycling.al\/wp-content\/gallery\/galeria\/t03_24351971.jpg\"\n           title=\" \"\n           data-image-id='29'\n           class=\"ngg-fancybox\" rel=\"4c3d5e932bcfc28d37a5af8b61c5dfa9\"           ><img title=\"t03_24351971\"\n                 alt=\"t03_24351971\"\n                 src=\"https:\/\/albcycling.al\/wp-content\/gallery\/galeria\/thumbs\/thumbs_t03_24351971.jpg\"\n                 width=\"180\"\n                 height=\"120\"\n            \/><\/a>\n            <a href=\"https:\/\/albcycling.al\/wp-content\/gallery\/galeria\/130628145522-tour-26-story-top.jpg\"\n           title=\" \"\n           data-image-id='28'\n           class=\"ngg-fancybox\" rel=\"4c3d5e932bcfc28d37a5af8b61c5dfa9\"           ><img title=\"130628145522-tour-26-story-top\"\n                 alt=\"130628145522-tour-26-story-top\"\n                 src=\"https:\/\/albcycling.al\/wp-content\/gallery\/galeria\/thumbs\/thumbs_130628145522-tour-26-story-top.jpg\"\n                 width=\"180\"\n                 height=\"120\"\n            \/><\/a>\n    <\/div>\n\n<\/div><\/div><div class=\"fusion-additional-widget-content\"><\/div><\/div><div class=\"fusion-clearfix\"><\/div><\/div><\/div><\/div><\/div>\n","protected":false},"excerpt":{"rendered":"<p><iframe width=\"854\" height=\"480\" src=\"https:\/\/www.youtube.com\/embed\/XZWP1aREr8A\" frameborder=\"0\" allow=\"autoplay; encrypted-media\" allowfullscreen><\/iframe>&hellip; <a href=\"https:\/\/albcycling.al\/?p=1855\" class=\"read-more\">Read the rest <\/a><\/p>","protected":false},"author":1,"featured_media":0,"parent":0,"menu_order":0,"comment_status":"closed","ping_status":"closed","template":"","meta":{"ngg_post_thumbnail":0},"acf":[],"_links":{"self":[{"href":"https:\/\/albcycling.al\/index.php?rest_route=\/wp\/v2\/pages\/1356"}],"collection":[{"href":"https:\/\/albcycling.al\/index.php?rest_route=\/wp\/v2\/pages"}],"about":[{"href":"https:\/\/albcycling.al\/index.php?rest_route=\/wp\/v2\/types\/page"}],"author":[{"embeddable":true,"href":"https:\/\/albcycling.al\/index.php?rest_route=\/wp\/v2\/users\/1"}],"replies":[{"embeddable":true,"href":"https:\/\/albcycling.al\/index.php?rest_route=%2Fwp%2Fv2%2Fcomments&post=1356"}],"version-history":[{"count":5,"href":"https:\/\/albcycling.al\/index.php?rest_route=\/wp\/v2\/pages\/1356\/revisions"}],"predecessor-version":[{"id":1649,"href":"https:\/\/albcycling.al\/index.php?rest_route=\/wp\/v2\/pages\/1356\/revisions\/1649"}],"wp:attachment":[{"href":"https:\/\/albcycling.al\/index.php?rest_route=%2Fwp%2Fv2%2Fmedia&parent=1356"}],"curies":[{"name":"wp","href":"https:\/\/api.w.org\/{rel}","templated":true}]}}